{"id":988,"date":"2024-01-31T17:24:55","date_gmt":"2024-01-31T16:24:55","guid":{"rendered":"https:\/\/rolety.infosun.eu\/?page_id=988"},"modified":"2025-04-16T10:18:30","modified_gmt":"2025-04-16T08:18:30","slug":"szlabany","status":"publish","type":"page","link":"https:\/\/www.bartex-rolety.pl\/index.php\/szlabany\/","title":{"rendered":"Szlabany"},"content":{"rendered":"\t\t<div data-elementor-type=\"wp-post\" data-elementor-id=\"988\" class=\"elementor elementor-988\">\n\t\t\t\t\t\t<section class=\"elementor-section elementor-top-section elementor-element elementor-element-4fcce76 elementor-section-boxed elementor-section-height-default elementor-section-height-default\" data-id=\"4fcce76\" data-element_type=\"section\">\n\t\t\t\t\t\t<div class=\"elementor-container elementor-column-gap-default\">\n\t\t\t\t\t<div class=\"aux-parallax-section elementor-column elementor-col-100 elementor-top-column elementor-element elementor-element-ca246df\" data-id=\"ca246df\" data-element_type=\"column\">\n\t\t\t<div class=\"elementor-widget-wrap elementor-element-populated\">\n\t\t\t\t\t\t<div class=\"elementor-element elementor-element-8428c3f aux-appear-watch-animation aux-fade-in-up elementor-widget elementor-widget-aux_modern_heading\" data-id=\"8428c3f\" data-element_type=\"widget\" data-widget_type=\"aux_modern_heading.default\">\n\t\t\t\t<div class=\"elementor-widget-container\">\n\t\t\t\t\t<section class=\"aux-widget-modern-heading\">\n            <div class=\"aux-widget-inner\"><h2 class=\"aux-modern-heading-primary\">Szlabany<\/h2><div class=\"aux-modern-heading-divider\"><\/div><\/div>\n        <\/section>\t\t\t\t<\/div>\n\t\t\t\t<\/div>\n\t\t\t\t\t<\/div>\n\t\t<\/div>\n\t\t\t\t\t<\/div>\n\t\t<\/section>\n\t\t\t\t<section class=\"elementor-section elementor-top-section elementor-element elementor-element-57e17e0 elementor-section-boxed elementor-section-height-default elementor-section-height-default\" data-id=\"57e17e0\" data-element_type=\"section\">\n\t\t\t\t\t\t<div class=\"elementor-container elementor-column-gap-default\">\n\t\t\t\t\t<div class=\"aux-parallax-section elementor-column elementor-col-50 elementor-top-column elementor-element elementor-element-0779189\" data-id=\"0779189\" data-element_type=\"column\">\n\t\t\t<div class=\"elementor-widget-wrap elementor-element-populated\">\n\t\t\t\t\t\t<div class=\"elementor-element elementor-element-4f0c3b6 elementor-widget elementor-widget-text-editor\" data-id=\"4f0c3b6\" data-element_type=\"widget\" data-widget_type=\"text-editor.default\">\n\t\t\t\t<div class=\"elementor-widget-container\">\n\t\t\t\t\t\t\t\t\t<div class=\"row \"><div class=\" col-lg-7 col-md-7 col-xs-12 col-sm-7\"><p><span data-ogsc=\"black\">Bezpieczne i nowoczesne rozwi\u0105zania dzi\u0119ki szlabanom firmy CAME.<br \/>Zadbaj o kontrol\u0119 wjazdu dzi\u0119ki naszym szlabanom \u2013 trwa\u0142ym, efektywnym i dopasowanym do Twoich potrzeb. Idealne do parking\u00f3w, osiedli, teren\u00f3w przemys\u0142owych czy obiekt\u00f3w prywatnych. Nasze szlabany gwarantuj\u0105 niezawodno\u015b\u0107, \u0142atwo\u015b\u0107 obs\u0142ugi i estetyczny wygl\u0105d.<\/span><\/p><p><span data-ogsc=\"black\">Wybierz bezpiecze\u0144stwo i funkcjonalno\u015b\u0107 w jednym! Skontaktuj si\u0119 z nami, by dowiedzie\u0107 si\u0119 wi\u0119cej.<\/span><\/p><\/div><\/div>\t\t\t\t\t\t\t\t<\/div>\n\t\t\t\t<\/div>\n\t\t\t\t<div class=\"elementor-element elementor-element-2a26171 elementor-widget elementor-widget-aux_button\" data-id=\"2a26171\" data-element_type=\"widget\" data-widget_type=\"aux_button.default\">\n\t\t\t\t<div class=\"elementor-widget-container\">\n\t\t\t\t\t<a  href=\"\/index.php\/realizacje\/#kp\" target=\"_self\"   class=\"aux-button aux-medium aux-carmine-pink aux-none aux-uppercase\" ><span class=\"aux-overlay\"><\/span><span class=\"aux-text\">nasze realizacje<\/span><\/a>\t\t\t\t<\/div>\n\t\t\t\t<\/div>\n\t\t\t\t\t<\/div>\n\t\t<\/div>\n\t\t\t\t<div class=\"aux-parallax-section elementor-column elementor-col-50 elementor-top-column elementor-element elementor-element-69402d8\" data-id=\"69402d8\" data-element_type=\"column\">\n\t\t\t<div class=\"elementor-widget-wrap elementor-element-populated\">\n\t\t\t\t\t\t<div class=\"elementor-element elementor-element-86d61be elementor-widget elementor-widget-image\" data-id=\"86d61be\" data-element_type=\"widget\" data-widget_type=\"image.default\">\n\t\t\t\t<div class=\"elementor-widget-container\">\n\t\t\t\t\t\t\t\t\t\t\t\t\t\t\t<img fetchpriority=\"high\" decoding=\"async\" width=\"583\" height=\"500\" src=\"https:\/\/www.bartex-rolety.pl\/wp-content\/uploads\/2025\/01\/szlaban.jpg\" class=\"attachment-medium_large size-medium_large wp-image-1720\" alt=\"\" srcset=\"https:\/\/www.bartex-rolety.pl\/wp-content\/uploads\/2025\/01\/szlaban.jpg 583w, https:\/\/www.bartex-rolety.pl\/wp-content\/uploads\/2025\/01\/szlaban-200x172.jpg 200w\" sizes=\"(max-width: 583px) 100vw, 583px\" \/>\t\t\t\t\t\t\t\t\t\t\t\t\t\t\t<\/div>\n\t\t\t\t<\/div>\n\t\t\t\t\t<\/div>\n\t\t<\/div>\n\t\t\t\t\t<\/div>\n\t\t<\/section>\n\t\t\t\t<section class=\"elementor-section elementor-top-section elementor-element elementor-element-4c95681 elementor-section-boxed elementor-section-height-default elementor-section-height-default\" data-id=\"4c95681\" data-element_type=\"section\">\n\t\t\t\t\t\t<div class=\"elementor-container elementor-column-gap-default\">\n\t\t\t\t\t<div class=\"aux-parallax-section elementor-column elementor-col-100 elementor-top-column elementor-element elementor-element-44a67d7\" data-id=\"44a67d7\" data-element_type=\"column\">\n\t\t\t<div class=\"elementor-widget-wrap elementor-element-populated\">\n\t\t\t\t\t\t<div class=\"elementor-element elementor-element-3e8d8c6 elementor-widget elementor-widget-text-editor\" data-id=\"3e8d8c6\" data-element_type=\"widget\" data-widget_type=\"text-editor.default\">\n\t\t\t\t<div class=\"elementor-widget-container\">\n\t\t\t\t\t\t\t\t\t<div class=\"row \">\n<div class=\" col-lg-7 col-md-7 col-xs-12 col-sm-7\">\n<p style=\"line-height: 22.5pt; background: white; margin: 0cm 0cm 12.0pt 0cm;\"><span style=\"font-family: Poppins; color: black; background: white;\">Oferujemy r\u00f3wnie\u017c serwis szlaban\u00f3w firmy Came oraz Beninca. Lokalizacja us\u0142ug: \u015al\u0105sk, Ma\u0142opolska, Olkusz, Katowice, Zabrze, Bytom i okolice. Je\u015bli interesuje Pa\u0144stwa nasza oferta zach\u0119camy do odwiedzenia galerii zdj\u0119\u0107 szlaban\u00f3w oraz odwiedzin naszego biura. Zapraszamy! <\/span><\/p>\n\n<\/div>\n<\/div>\t\t\t\t\t\t\t\t<\/div>\n\t\t\t\t<\/div>\n\t\t\t\t\t<\/div>\n\t\t<\/div>\n\t\t\t\t\t<\/div>\n\t\t<\/section>\n\t\t\t\t<\/div>\n\t\t","protected":false},"excerpt":{"rendered":"<p>Szlabany Bezpieczne i nowoczesne rozwi\u0105zania dzi\u0119ki szlabanom firmy CAME.Zadbaj o kontrol\u0119 wjazdu dzi\u0119ki naszym szlabanom \u2013 trwa\u0142ym, efektywnym i dopasowanym do Twoich potrzeb. Idealne do parking\u00f3w, osiedli, teren\u00f3w przemys\u0142owych czy obiekt\u00f3w prywatnych. Nasze szlabany gwarantuj\u0105 niezawodno\u015b\u0107, \u0142atwo\u015b\u0107 obs\u0142ugi i estetyczny wygl\u0105d. Wybierz bezpiecze\u0144stwo i funkcjonalno\u015b\u0107 w jednym! Skontaktuj si\u0119 z nami, by dowiedzie\u0107 si\u0119 wi\u0119cej. [&hellip;]<\/p>\n","protected":false},"author":1,"featured_media":0,"parent":0,"menu_order":0,"comment_status":"closed","ping_status":"closed","template":"","meta":{"footnotes":""},"class_list":["post-988","page","type-page","status-publish","hentry"],"yoast_head":"<!-- This site is optimized with the Yoast SEO plugin v24.8.1 - https:\/\/yoast.com\/wordpress\/plugins\/seo\/ -->\n<title>Szlabany - Rolety<\/title>\n<meta name=\"robots\" content=\"index, follow, max-snippet:-1, max-image-preview:large, max-video-preview:-1\" \/>\n<link rel=\"canonical\" href=\"https:\/\/www.bartex-rolety.pl\/index.php\/szlabany\/\" \/>\n<meta property=\"og:locale\" content=\"pl_PL\" \/>\n<meta property=\"og:type\" content=\"article\" \/>\n<meta property=\"og:title\" content=\"Szlabany - Rolety\" \/>\n<meta property=\"og:description\" content=\"Szlabany Bezpieczne i nowoczesne rozwi\u0105zania dzi\u0119ki szlabanom firmy CAME.Zadbaj o kontrol\u0119 wjazdu dzi\u0119ki naszym szlabanom \u2013 trwa\u0142ym, efektywnym i dopasowanym do Twoich potrzeb. Idealne do parking\u00f3w, osiedli, teren\u00f3w przemys\u0142owych czy obiekt\u00f3w prywatnych. Nasze szlabany gwarantuj\u0105 niezawodno\u015b\u0107, \u0142atwo\u015b\u0107 obs\u0142ugi i estetyczny wygl\u0105d. Wybierz bezpiecze\u0144stwo i funkcjonalno\u015b\u0107 w jednym! Skontaktuj si\u0119 z nami, by dowiedzie\u0107 si\u0119 wi\u0119cej. [&hellip;]\" \/>\n<meta property=\"og:url\" content=\"https:\/\/www.bartex-rolety.pl\/index.php\/szlabany\/\" \/>\n<meta property=\"og:site_name\" content=\"Rolety\" \/>\n<meta property=\"article:modified_time\" content=\"2025-04-16T08:18:30+00:00\" \/>\n<meta property=\"og:image\" content=\"https:\/\/www.bartex-rolety.pl\/wp-content\/uploads\/2025\/01\/szlaban.jpg\" \/>\n\t<meta property=\"og:image:width\" content=\"583\" \/>\n\t<meta property=\"og:image:height\" content=\"500\" \/>\n\t<meta property=\"og:image:type\" content=\"image\/jpeg\" \/>\n<meta name=\"twitter:card\" content=\"summary_large_image\" \/>\n<meta name=\"twitter:label1\" content=\"Szacowany czas czytania\" \/>\n\t<meta name=\"twitter:data1\" content=\"1 minuta\" \/>\n<script type=\"application\/ld+json\" class=\"yoast-schema-graph\">{\"@context\":\"https:\/\/schema.org\",\"@graph\":[{\"@type\":\"WebPage\",\"@id\":\"https:\/\/www.bartex-rolety.pl\/index.php\/szlabany\/\",\"url\":\"https:\/\/www.bartex-rolety.pl\/index.php\/szlabany\/\",\"name\":\"Szlabany - Rolety\",\"isPartOf\":{\"@id\":\"https:\/\/www.bartex-rolety.pl\/#website\"},\"primaryImageOfPage\":{\"@id\":\"https:\/\/www.bartex-rolety.pl\/index.php\/szlabany\/#primaryimage\"},\"image\":{\"@id\":\"https:\/\/www.bartex-rolety.pl\/index.php\/szlabany\/#primaryimage\"},\"thumbnailUrl\":\"https:\/\/www.bartex-rolety.pl\/wp-content\/uploads\/2025\/01\/szlaban.jpg\",\"datePublished\":\"2024-01-31T16:24:55+00:00\",\"dateModified\":\"2025-04-16T08:18:30+00:00\",\"inLanguage\":\"pl-PL\",\"potentialAction\":[{\"@type\":\"ReadAction\",\"target\":[\"https:\/\/www.bartex-rolety.pl\/index.php\/szlabany\/\"]}]},{\"@type\":\"ImageObject\",\"inLanguage\":\"pl-PL\",\"@id\":\"https:\/\/www.bartex-rolety.pl\/index.php\/szlabany\/#primaryimage\",\"url\":\"https:\/\/www.bartex-rolety.pl\/wp-content\/uploads\/2025\/01\/szlaban.jpg\",\"contentUrl\":\"https:\/\/www.bartex-rolety.pl\/wp-content\/uploads\/2025\/01\/szlaban.jpg\",\"width\":583,\"height\":500,\"caption\":\"CREATOR: gd-jpeg v1.0 (using IJG JPEG v62), quality = 87\"},{\"@type\":\"WebSite\",\"@id\":\"https:\/\/www.bartex-rolety.pl\/#website\",\"url\":\"https:\/\/www.bartex-rolety.pl\/\",\"name\":\"Rolety\",\"description\":\"\u015awiat rolet\",\"publisher\":{\"@id\":\"https:\/\/www.bartex-rolety.pl\/#organization\"},\"potentialAction\":[{\"@type\":\"SearchAction\",\"target\":{\"@type\":\"EntryPoint\",\"urlTemplate\":\"https:\/\/www.bartex-rolety.pl\/?s={search_term_string}\"},\"query-input\":{\"@type\":\"PropertyValueSpecification\",\"valueRequired\":true,\"valueName\":\"search_term_string\"}}],\"inLanguage\":\"pl-PL\"},{\"@type\":\"Organization\",\"@id\":\"https:\/\/www.bartex-rolety.pl\/#organization\",\"name\":\"Rolety\",\"url\":\"https:\/\/www.bartex-rolety.pl\/\",\"logo\":{\"@type\":\"ImageObject\",\"inLanguage\":\"pl-PL\",\"@id\":\"https:\/\/www.bartex-rolety.pl\/#\/schema\/logo\/image\/\",\"url\":\"https:\/\/www.bartex-rolety.pl\/wp-content\/uploads\/2023\/12\/cropped-rolety-Bartex.png\",\"contentUrl\":\"https:\/\/www.bartex-rolety.pl\/wp-content\/uploads\/2023\/12\/cropped-rolety-Bartex.png\",\"width\":271,\"height\":133,\"caption\":\"Rolety\"},\"image\":{\"@id\":\"https:\/\/www.bartex-rolety.pl\/#\/schema\/logo\/image\/\"}}]}<\/script>\n<!-- \/ Yoast SEO plugin. -->","yoast_head_json":{"title":"Szlabany - Rolety","robots":{"index":"index","follow":"follow","max-snippet":"max-snippet:-1","max-image-preview":"max-image-preview:large","max-video-preview":"max-video-preview:-1"},"canonical":"https:\/\/www.bartex-rolety.pl\/index.php\/szlabany\/","og_locale":"pl_PL","og_type":"article","og_title":"Szlabany - Rolety","og_description":"Szlabany Bezpieczne i nowoczesne rozwi\u0105zania dzi\u0119ki szlabanom firmy CAME.Zadbaj o kontrol\u0119 wjazdu dzi\u0119ki naszym szlabanom \u2013 trwa\u0142ym, efektywnym i dopasowanym do Twoich potrzeb. Idealne do parking\u00f3w, osiedli, teren\u00f3w przemys\u0142owych czy obiekt\u00f3w prywatnych. Nasze szlabany gwarantuj\u0105 niezawodno\u015b\u0107, \u0142atwo\u015b\u0107 obs\u0142ugi i estetyczny wygl\u0105d. Wybierz bezpiecze\u0144stwo i funkcjonalno\u015b\u0107 w jednym! Skontaktuj si\u0119 z nami, by dowiedzie\u0107 si\u0119 wi\u0119cej. [&hellip;]","og_url":"https:\/\/www.bartex-rolety.pl\/index.php\/szlabany\/","og_site_name":"Rolety","article_modified_time":"2025-04-16T08:18:30+00:00","og_image":[{"width":583,"height":500,"url":"https:\/\/www.bartex-rolety.pl\/wp-content\/uploads\/2025\/01\/szlaban.jpg","type":"image\/jpeg"}],"twitter_card":"summary_large_image","twitter_misc":{"Szacowany czas czytania":"1 minuta"},"schema":{"@context":"https:\/\/schema.org","@graph":[{"@type":"WebPage","@id":"https:\/\/www.bartex-rolety.pl\/index.php\/szlabany\/","url":"https:\/\/www.bartex-rolety.pl\/index.php\/szlabany\/","name":"Szlabany - Rolety","isPartOf":{"@id":"https:\/\/www.bartex-rolety.pl\/#website"},"primaryImageOfPage":{"@id":"https:\/\/www.bartex-rolety.pl\/index.php\/szlabany\/#primaryimage"},"image":{"@id":"https:\/\/www.bartex-rolety.pl\/index.php\/szlabany\/#primaryimage"},"thumbnailUrl":"https:\/\/www.bartex-rolety.pl\/wp-content\/uploads\/2025\/01\/szlaban.jpg","datePublished":"2024-01-31T16:24:55+00:00","dateModified":"2025-04-16T08:18:30+00:00","inLanguage":"pl-PL","potentialAction":[{"@type":"ReadAction","target":["https:\/\/www.bartex-rolety.pl\/index.php\/szlabany\/"]}]},{"@type":"ImageObject","inLanguage":"pl-PL","@id":"https:\/\/www.bartex-rolety.pl\/index.php\/szlabany\/#primaryimage","url":"https:\/\/www.bartex-rolety.pl\/wp-content\/uploads\/2025\/01\/szlaban.jpg","contentUrl":"https:\/\/www.bartex-rolety.pl\/wp-content\/uploads\/2025\/01\/szlaban.jpg","width":583,"height":500,"caption":"CREATOR: gd-jpeg v1.0 (using IJG JPEG v62), quality = 87"},{"@type":"WebSite","@id":"https:\/\/www.bartex-rolety.pl\/#website","url":"https:\/\/www.bartex-rolety.pl\/","name":"Rolety","description":"\u015awiat rolet","publisher":{"@id":"https:\/\/www.bartex-rolety.pl\/#organization"},"potentialAction":[{"@type":"SearchAction","target":{"@type":"EntryPoint","urlTemplate":"https:\/\/www.bartex-rolety.pl\/?s={search_term_string}"},"query-input":{"@type":"PropertyValueSpecification","valueRequired":true,"valueName":"search_term_string"}}],"inLanguage":"pl-PL"},{"@type":"Organization","@id":"https:\/\/www.bartex-rolety.pl\/#organization","name":"Rolety","url":"https:\/\/www.bartex-rolety.pl\/","logo":{"@type":"ImageObject","inLanguage":"pl-PL","@id":"https:\/\/www.bartex-rolety.pl\/#\/schema\/logo\/image\/","url":"https:\/\/www.bartex-rolety.pl\/wp-content\/uploads\/2023\/12\/cropped-rolety-Bartex.png","contentUrl":"https:\/\/www.bartex-rolety.pl\/wp-content\/uploads\/2023\/12\/cropped-rolety-Bartex.png","width":271,"height":133,"caption":"Rolety"},"image":{"@id":"https:\/\/www.bartex-rolety.pl\/#\/schema\/logo\/image\/"}}]}},"_links":{"self":[{"href":"https:\/\/www.bartex-rolety.pl\/index.php\/wp-json\/wp\/v2\/pages\/988","targetHints":{"allow":["GET"]}}],"collection":[{"href":"https:\/\/www.bartex-rolety.pl\/index.php\/wp-json\/wp\/v2\/pages"}],"about":[{"href":"https:\/\/www.bartex-rolety.pl\/index.php\/wp-json\/wp\/v2\/types\/page"}],"author":[{"embeddable":true,"href":"https:\/\/www.bartex-rolety.pl\/index.php\/wp-json\/wp\/v2\/users\/1"}],"replies":[{"embeddable":true,"href":"https:\/\/www.bartex-rolety.pl\/index.php\/wp-json\/wp\/v2\/comments?post=988"}],"version-history":[{"count":5,"href":"https:\/\/www.bartex-rolety.pl\/index.php\/wp-json\/wp\/v2\/pages\/988\/revisions"}],"predecessor-version":[{"id":2299,"href":"https:\/\/www.bartex-rolety.pl\/index.php\/wp-json\/wp\/v2\/pages\/988\/revisions\/2299"}],"wp:attachment":[{"href":"https:\/\/www.bartex-rolety.pl\/index.php\/wp-json\/wp\/v2\/media?parent=988"}],"curies":[{"name":"wp","href":"https:\/\/api.w.org\/{rel}","templated":true}]}}